{"id":260,"date":"2025-12-02T15:12:43","date_gmt":"2025-12-02T15:12:43","guid":{"rendered":"https:\/\/cms2511.commu.isfsc.be\/?page_id=260"},"modified":"2025-12-29T02:22:54","modified_gmt":"2025-12-29T02:22:54","slug":"__trashed-7","status":"publish","type":"page","link":"https:\/\/cms2511.commu.isfsc.be\/index.php\/__trashed-7\/","title":{"rendered":"Service"},"content":{"rendered":"<p>[et_pb_section fb_built=\u00a0\u00bb1&Prime; admin_label=\u00a0\u00bbHeader &#038; Services\u00a0\u00bb _builder_version=\u00a0\u00bb4.27.4&Prime; _module_preset=\u00a0\u00bbdefault\u00a0\u00bb background_color=\u00a0\u00bbgcid-c159fe25-17b5-49f7-a4bd-a2adb8f8a2a8&Prime; locked=\u00a0\u00bboff\u00a0\u00bb collapsed=\u00a0\u00bbon\u00a0\u00bb global_colors_info=\u00a0\u00bb{%22gcid-c159fe25-17b5-49f7-a4bd-a2adb8f8a2a8%22:%91%22background_color%22%93}\u00a0\u00bb][et_pb_row _builder_version=\u00a0\u00bb4.27.4&Prime; _module_preset=\u00a0\u00bbdefault\u00a0\u00bb custom_padding=\u00a0\u00bb26px||||false|false\u00a0\u00bb global_colors_info=\u00a0\u00bb{}\u00a0\u00bb][et_pb_column type=\u00a0\u00bb4_4&Prime; _builder_version=\u00a0\u00bb4.27.4&Prime; _module_preset=\u00a0\u00bbdefault\u00a0\u00bb border_color_all=\u00a0\u00bbgcid-c159fe25-17b5-49f7-a4bd-a2adb8f8a2a8&Prime; global_colors_info=\u00a0\u00bb{%22gcid-c159fe25-17b5-49f7-a4bd-a2adb8f8a2a8%22:%91%22border_color_all%22%93}\u00a0\u00bb][et_pb_heading title=\u00a0\u00bbServices\u00a0\u00bb _builder_version=\u00a0\u00bb4.27.4&Prime; _module_preset=\u00a0\u00bbe0f9740c-9b48-4715-9ff3-22a174d48aff\u00a0\u00bb title_level=\u00a0\u00bbh2&Prime; title_font=\u00a0\u00bbCalistoga||||||||\u00a0\u00bb min_height=\u00a0\u00bb109px\u00a0\u00bb custom_margin=\u00a0\u00bb1px|||||\u00a0\u00bb custom_padding=\u00a0\u00bb20px||||false|false\u00a0\u00bb border_style_all=\u00a0\u00bbnone\u00a0\u00bb border_width_top=\u00a0\u00bb2px\u00a0\u00bb locked=\u00a0\u00bboff\u00a0\u00bb global_colors_info=\u00a0\u00bb{}\u00a0\u00bb][\/et_pb_heading][\/et_pb_column][\/et_pb_row][et_pb_row column_structure=\u00a0\u00bb1_2,1_2&Prime; custom_padding_last_edited=\u00a0\u00bbon|tablet\u00a0\u00bb _builder_version=\u00a0\u00bb4.27.4&Prime; _module_preset=\u00a0\u00bbdefault\u00a0\u00bb custom_padding_tablet=\u00a0\u00bb||0px||false|false\u00a0\u00bb custom_padding_phone=\u00a0\u00bb||0px||false|false\u00a0\u00bb locked=\u00a0\u00bboff\u00a0\u00bb global_colors_info=\u00a0\u00bb{}\u00a0\u00bb][et_pb_column type=\u00a0\u00bb1_2&Prime; _builder_version=\u00a0\u00bb4.27.4&Prime; _module_preset=\u00a0\u00bbdefault\u00a0\u00bb custom_padding=\u00a0\u00bb40px|40px|40px|40px|true|true\u00a0\u00bb custom_padding_tablet=\u00a0\u00bb30px|30px|30px|30px|true|true\u00a0\u00bb custom_padding_phone=\u00a0\u00bb20px|20px|20px|20px|true|true\u00a0\u00bb custom_padding_last_edited=\u00a0\u00bbon|desktop\u00a0\u00bb border_radii=\u00a0\u00bbon|30px|30px|30px|30px\u00a0\u00bb border_width_all=\u00a0\u00bb4px\u00a0\u00bb border_color_all=\u00a0\u00bb#000000&Prime; global_colors_info=\u00a0\u00bb{}\u00a0\u00bb][et_pb_heading title=\u00a0\u00bbStrat\u00e9gie de communication\u00a0\u00bb _builder_version=\u00a0\u00bb4.27.4&Prime; _module_preset=\u00a0\u00bb3f3ddf4b-586e-41f9-b1d7-df54459b87d8&Prime; title_font=\u00a0\u00bbCalistoga||||||||\u00a0\u00bb custom_margin=\u00a0\u00bb||0px||false|false\u00a0\u00bb global_colors_info=\u00a0\u00bb{}\u00a0\u00bb][\/et_pb_heading][et_pb_text _builder_version=\u00a0\u00bb4.27.5&Prime; _module_preset=\u00a0\u00bb2f9a94e2-9960-4727-9a51-8ea364c3ea04&Prime; hover_enabled=\u00a0\u00bb0&Prime; global_colors_info=\u00a0\u00bb{%22gcid-bcc99e3b-722a-4dba-85e5-49c6d1592562%22:%91%22link_text_color%22,%22quote_border_color%22,%22link_text_color%22,%22quote_border_color%22%93,%22gcid-fa3e187d-20a7-4c5a-962d-49a38117a4cc%22:%91%22quote_text_color%22%93}\u00a0\u00bb text_text_color=\u00a0\u00bb#FFFFFF\u00a0\u00bb sticky_enabled=\u00a0\u00bb0&Prime;]<\/p>\n<p>On d\u00e9finit une direction claire et coh\u00e9rente pour guider chaque prise de parole.<\/p>\n<p>Objectif : donner du sens et assurer une communcation align\u00e9e.<\/p>\n<p>[\/et_pb_text][et_pb_button button_text=\u00a0\u00bbEn savoir plus\u00a0\u00bb _builder_version=\u00a0\u00bb4.27.4&Prime; _module_preset=\u00a0\u00bb7c9d27d5-ebb8-429b-b72d-7f208211ea08&Prime; button_text_color=\u00a0\u00bb#000000&Prime; global_colors_info=\u00a0\u00bb{}\u00a0\u00bb][\/et_pb_button][\/et_pb_column][et_pb_column type=\u00a0\u00bb1_2&Prime; _builder_version=\u00a0\u00bb4.25.1&Prime; _module_preset=\u00a0\u00bbdefault\u00a0\u00bb custom_padding=\u00a0\u00bb40px|40px|40px|40px|true|true\u00a0\u00bb custom_padding_tablet=\u00a0\u00bb30px|30px|30px|30px|true|true\u00a0\u00bb custom_padding_phone=\u00a0\u00bb20px|20px|20px|20px|true|true\u00a0\u00bb custom_padding_last_edited=\u00a0\u00bbon|desktop\u00a0\u00bb border_radii=\u00a0\u00bbon|30px|30px|30px|30px\u00a0\u00bb border_width_all=\u00a0\u00bb4px\u00a0\u00bb border_color_all=\u00a0\u00bbgcid-bcc99e3b-722a-4dba-85e5-49c6d1592562&Prime; global_colors_info=\u00a0\u00bb{%22gcid-bcc99e3b-722a-4dba-85e5-49c6d1592562%22:%91%22border_color_all%22%93}\u00a0\u00bb][et_pb_heading title=\u00a0\u00bbBranding &#038; identit\u00e9 visuelle\u00a0\u00bb _builder_version=\u00a0\u00bb4.27.4&Prime; _module_preset=\u00a0\u00bb3f3ddf4b-586e-41f9-b1d7-df54459b87d8&Prime; title_font=\u00a0\u00bbCalistoga||||||||\u00a0\u00bb custom_margin=\u00a0\u00bb||0px||false|false\u00a0\u00bb global_colors_info=\u00a0\u00bb{%22gcid-fa3e187d-20a7-4c5a-962d-49a38117a4cc%22:%91%22title_text_color%22%93}\u00a0\u00bb][\/et_pb_heading][et_pb_text _builder_version=\u00a0\u00bb4.27.5&Prime; _module_preset=\u00a0\u00bb2f9a94e2-9960-4727-9a51-8ea364c3ea04&Prime; hover_enabled=\u00a0\u00bb0&Prime; global_colors_info=\u00a0\u00bb{%22gcid-bcc99e3b-722a-4dba-85e5-49c6d1592562%22:%91%22link_text_color%22,%22quote_border_color%22,%22link_text_color%22,%22quote_border_color%22,%22link_text_color%22,%22quote_border_color%22,%22link_text_color%22,%22quote_border_color%22%93,%22gcid-fa3e187d-20a7-4c5a-962d-49a38117a4cc%22:%91%22quote_text_color%22,%22quote_text_color%22,%22text_text_color%22%93}\u00a0\u00bb text_text_color=\u00a0\u00bb#FFFFFF\u00a0\u00bb sticky_enabled=\u00a0\u00bb0&Prime;]<\/p>\n<p>On cr\u00e9e des identit\u00e9s fortes, reconnaissables et durables. Des univers visuels qui refl\u00e8tent l&rsquo;ADN de la marque et la font \u00e9clore.<\/p>\n<p>[\/et_pb_text][et_pb_button button_text=\u00a0\u00bbEn savoir plus\u00a0\u00bb _builder_version=\u00a0\u00bb4.27.4&Prime; _module_preset=\u00a0\u00bb7c9d27d5-ebb8-429b-b72d-7f208211ea08&Prime; button_text_color=\u00a0\u00bb#000000&Prime; global_colors_info=\u00a0\u00bb{}\u00a0\u00bb][\/et_pb_button][\/et_pb_column][\/et_pb_row][et_pb_row column_structure=\u00a0\u00bb1_2,1_2&Prime; custom_padding_last_edited=\u00a0\u00bbon|tablet\u00a0\u00bb _builder_version=\u00a0\u00bb4.27.4&Prime; _module_preset=\u00a0\u00bbdefault\u00a0\u00bb custom_padding_tablet=\u00a0\u00bb||0px||false|false\u00a0\u00bb custom_padding_phone=\u00a0\u00bb||0px||false|false\u00a0\u00bb locked=\u00a0\u00bboff\u00a0\u00bb global_colors_info=\u00a0\u00bb{}\u00a0\u00bb][et_pb_column type=\u00a0\u00bb1_2&Prime; _builder_version=\u00a0\u00bb4.27.4&Prime; _module_preset=\u00a0\u00bbdefault\u00a0\u00bb custom_padding=\u00a0\u00bb40px|40px|40px|40px|true|true\u00a0\u00bb custom_padding_tablet=\u00a0\u00bb30px|30px|30px|30px|true|true\u00a0\u00bb custom_padding_phone=\u00a0\u00bb20px|20px|20px|20px|true|true\u00a0\u00bb custom_padding_last_edited=\u00a0\u00bbon|desktop\u00a0\u00bb border_radii=\u00a0\u00bbon|30px|30px|30px|30px\u00a0\u00bb border_width_all=\u00a0\u00bb4px\u00a0\u00bb border_color_all=\u00a0\u00bb#000000&Prime; global_colors_info=\u00a0\u00bb{}\u00a0\u00bb][et_pb_heading title=\u00a0\u00bbPublicit\u00e9 cr\u00e9ative\u00a0\u00bb _builder_version=\u00a0\u00bb4.27.4&Prime; _module_preset=\u00a0\u00bb3f3ddf4b-586e-41f9-b1d7-df54459b87d8&Prime; title_font=\u00a0\u00bbCalistoga||||||||\u00a0\u00bb custom_margin=\u00a0\u00bb||0px||false|false\u00a0\u00bb global_colors_info=\u00a0\u00bb{}\u00a0\u00bb][\/et_pb_heading][et_pb_text _builder_version=\u00a0\u00bb4.27.5&Prime; _module_preset=\u00a0\u00bb2f9a94e2-9960-4727-9a51-8ea364c3ea04&Prime; hover_enabled=\u00a0\u00bb0&Prime; global_colors_info=\u00a0\u00bb{%22gcid-bcc99e3b-722a-4dba-85e5-49c6d1592562%22:%91%22link_text_color%22,%22quote_border_color%22,%22link_text_color%22,%22quote_border_color%22%93,%22gcid-fa3e187d-20a7-4c5a-962d-49a38117a4cc%22:%91%22quote_text_color%22%93}\u00a0\u00bb text_text_color=\u00a0\u00bb#FFFFFF\u00a0\u00bb sticky_enabled=\u00a0\u00bb0&Prime;]<\/p>\n<p>On imagine des campagnes impactantes qui attirent l&rsquo;attention. Des id\u00e9es cr\u00e9atives pens\u00e9es pour marquer et engager.<\/p>\n<p>[\/et_pb_text][et_pb_button button_text=\u00a0\u00bbEn savoir plus\u00a0\u00bb _builder_version=\u00a0\u00bb4.27.4&Prime; _module_preset=\u00a0\u00bb7c9d27d5-ebb8-429b-b72d-7f208211ea08&Prime; button_text_color=\u00a0\u00bb#000000&Prime; global_colors_info=\u00a0\u00bb{}\u00a0\u00bb][\/et_pb_button][\/et_pb_column][et_pb_column type=\u00a0\u00bb1_2&Prime; _builder_version=\u00a0\u00bb4.25.1&Prime; _module_preset=\u00a0\u00bbdefault\u00a0\u00bb custom_padding=\u00a0\u00bb40px|40px|40px|40px|true|true\u00a0\u00bb custom_padding_tablet=\u00a0\u00bb30px|30px|30px|30px|true|true\u00a0\u00bb custom_padding_phone=\u00a0\u00bb20px|20px|20px|20px|true|true\u00a0\u00bb custom_padding_last_edited=\u00a0\u00bbon|desktop\u00a0\u00bb border_radii=\u00a0\u00bbon|30px|30px|30px|30px\u00a0\u00bb border_width_all=\u00a0\u00bb4px\u00a0\u00bb border_color_all=\u00a0\u00bbgcid-bcc99e3b-722a-4dba-85e5-49c6d1592562&Prime; global_colors_info=\u00a0\u00bb{%22gcid-bcc99e3b-722a-4dba-85e5-49c6d1592562%22:%91%22border_color_all%22%93}\u00a0\u00bb][et_pb_heading title=\u00a0\u00bbCr\u00e9ation de contenu\u00a0\u00bb _builder_version=\u00a0\u00bb4.27.4&Prime; _module_preset=\u00a0\u00bb3f3ddf4b-586e-41f9-b1d7-df54459b87d8&Prime; title_font=\u00a0\u00bbCalistoga||||||||\u00a0\u00bb custom_margin=\u00a0\u00bb||0px||false|false\u00a0\u00bb global_colors_info=\u00a0\u00bb{%22gcid-fa3e187d-20a7-4c5a-962d-49a38117a4cc%22:%91%22title_text_color%22%93}\u00a0\u00bb][\/et_pb_heading][et_pb_text _builder_version=\u00a0\u00bb4.27.5&Prime; _module_preset=\u00a0\u00bb2f9a94e2-9960-4727-9a51-8ea364c3ea04&Prime; hover_enabled=\u00a0\u00bb0&Prime; global_colors_info=\u00a0\u00bb{%22gcid-bcc99e3b-722a-4dba-85e5-49c6d1592562%22:%91%22link_text_color%22,%22quote_border_color%22,%22link_text_color%22,%22quote_border_color%22,%22link_text_color%22,%22quote_border_color%22,%22link_text_color%22,%22quote_border_color%22%93,%22gcid-fa3e187d-20a7-4c5a-962d-49a38117a4cc%22:%91%22quote_text_color%22,%22quote_text_color%22,%22text_text_color%22%93}\u00a0\u00bb text_text_color=\u00a0\u00bb#FFFFFF\u00a0\u00bb sticky_enabled=\u00a0\u00bb0&Prime;]<\/p>\n<p>On produit des contenus authentiques et engageants. Photos, vid\u00e9os, posts, tout est pens\u00e9e pour cr\u00e9er de la connexion.<\/p>\n<p>[\/et_pb_text][et_pb_button button_text=\u00a0\u00bbEn savoir plus\u00a0\u00bb _builder_version=\u00a0\u00bb4.27.4&Prime; _module_preset=\u00a0\u00bb7c9d27d5-ebb8-429b-b72d-7f208211ea08&Prime; button_text_color=\u00a0\u00bb#000000&Prime; global_colors_info=\u00a0\u00bb{}\u00a0\u00bb][\/et_pb_button][\/et_pb_column][\/et_pb_row][et_pb_row column_structure=\u00a0\u00bb1_2,1_2&Prime; custom_padding_last_edited=\u00a0\u00bbon|tablet\u00a0\u00bb _builder_version=\u00a0\u00bb4.27.4&Prime; _module_preset=\u00a0\u00bbdefault\u00a0\u00bb custom_padding_tablet=\u00a0\u00bb||0px||false|false\u00a0\u00bb custom_padding_phone=\u00a0\u00bb||0px||false|false\u00a0\u00bb locked=\u00a0\u00bboff\u00a0\u00bb global_colors_info=\u00a0\u00bb{}\u00a0\u00bb][et_pb_column type=\u00a0\u00bb1_2&Prime; _builder_version=\u00a0\u00bb4.27.4&Prime; _module_preset=\u00a0\u00bbdefault\u00a0\u00bb custom_padding=\u00a0\u00bb40px|40px|40px|40px|true|true\u00a0\u00bb custom_padding_tablet=\u00a0\u00bb30px|30px|30px|30px|true|true\u00a0\u00bb custom_padding_phone=\u00a0\u00bb20px|20px|20px|20px|true|true\u00a0\u00bb custom_padding_last_edited=\u00a0\u00bbon|desktop\u00a0\u00bb border_radii=\u00a0\u00bbon|30px|30px|30px|30px\u00a0\u00bb border_width_all=\u00a0\u00bb4px\u00a0\u00bb border_color_all=\u00a0\u00bb#000000&Prime; global_colors_info=\u00a0\u00bb{}\u00a0\u00bb][et_pb_heading title=\u00a0\u00bbR\u00e9seaux sociaux\u00a0\u00bb _builder_version=\u00a0\u00bb4.27.4&Prime; _module_preset=\u00a0\u00bb3f3ddf4b-586e-41f9-b1d7-df54459b87d8&Prime; title_font=\u00a0\u00bbCalistoga||||||||\u00a0\u00bb custom_margin=\u00a0\u00bb||0px||false|false\u00a0\u00bb global_colors_info=\u00a0\u00bb{}\u00a0\u00bb][\/et_pb_heading][et_pb_text _builder_version=\u00a0\u00bb4.27.5&Prime; _module_preset=\u00a0\u00bb2f9a94e2-9960-4727-9a51-8ea364c3ea04&Prime; hover_enabled=\u00a0\u00bb0&Prime; global_colors_info=\u00a0\u00bb{%22gcid-bcc99e3b-722a-4dba-85e5-49c6d1592562%22:%91%22link_text_color%22,%22quote_border_color%22,%22link_text_color%22,%22quote_border_color%22%93,%22gcid-fa3e187d-20a7-4c5a-962d-49a38117a4cc%22:%91%22quote_text_color%22%93}\u00a0\u00bb text_text_color=\u00a0\u00bb#FFFFFF\u00a0\u00bb sticky_enabled=\u00a0\u00bb0&Prime;]<\/p>\n<p>On accompagne les marques dans leur pr\u00e9sence digitale. Strat\u00e9gie, ton et contenus pour construire une vraie relation avec la communaut\u00e9.<\/p>\n<p>[\/et_pb_text][et_pb_button button_text=\u00a0\u00bbEn savoir plus\u00a0\u00bb _builder_version=\u00a0\u00bb4.27.4&Prime; _module_preset=\u00a0\u00bb7c9d27d5-ebb8-429b-b72d-7f208211ea08&Prime; button_text_color=\u00a0\u00bb#000000&Prime; global_colors_info=\u00a0\u00bb{}\u00a0\u00bb][\/et_pb_button][\/et_pb_column][et_pb_column type=\u00a0\u00bb1_2&Prime; _builder_version=\u00a0\u00bb4.25.1&Prime; _module_preset=\u00a0\u00bbdefault\u00a0\u00bb custom_padding=\u00a0\u00bb40px|40px|40px|40px|true|true\u00a0\u00bb custom_padding_tablet=\u00a0\u00bb30px|30px|30px|30px|true|true\u00a0\u00bb custom_padding_phone=\u00a0\u00bb20px|20px|20px|20px|true|true\u00a0\u00bb custom_padding_last_edited=\u00a0\u00bbon|desktop\u00a0\u00bb border_radii=\u00a0\u00bbon|30px|30px|30px|30px\u00a0\u00bb border_width_all=\u00a0\u00bb4px\u00a0\u00bb border_color_all=\u00a0\u00bbgcid-bcc99e3b-722a-4dba-85e5-49c6d1592562&Prime; global_colors_info=\u00a0\u00bb{%22gcid-bcc99e3b-722a-4dba-85e5-49c6d1592562%22:%91%22border_color_all%22%93}\u00a0\u00bb][et_pb_heading title=\u00a0\u00bbAccompagnement de la marque\u00a0\u00bb _builder_version=\u00a0\u00bb4.27.4&Prime; _module_preset=\u00a0\u00bb3f3ddf4b-586e-41f9-b1d7-df54459b87d8&Prime; title_font=\u00a0\u00bbCalistoga||||||||\u00a0\u00bb custom_margin=\u00a0\u00bb||0px||false|false\u00a0\u00bb global_colors_info=\u00a0\u00bb{%22gcid-fa3e187d-20a7-4c5a-962d-49a38117a4cc%22:%91%22title_text_color%22%93}\u00a0\u00bb][\/et_pb_heading][et_pb_text _builder_version=\u00a0\u00bb4.27.5&Prime; _module_preset=\u00a0\u00bb2f9a94e2-9960-4727-9a51-8ea364c3ea04&Prime; hover_enabled=\u00a0\u00bb0&Prime; global_colors_info=\u00a0\u00bb{%22gcid-bcc99e3b-722a-4dba-85e5-49c6d1592562%22:%91%22link_text_color%22,%22quote_border_color%22,%22link_text_color%22,%22quote_border_color%22,%22link_text_color%22,%22quote_border_color%22,%22link_text_color%22,%22quote_border_color%22%93,%22gcid-fa3e187d-20a7-4c5a-962d-49a38117a4cc%22:%91%22quote_text_color%22,%22quote_text_color%22,%22text_text_color%22%93}\u00a0\u00bb text_text_color=\u00a0\u00bb#FFFFFF\u00a0\u00bb sticky_enabled=\u00a0\u00bb0&Prime;]<\/p>\n<p>On suit les marques sur le long terme. Un accompagnement humain et strat\u00e9gique pour les aider \u00e0 \u00e9voluer et grandir.<\/p>\n<p>[\/et_pb_text][et_pb_button button_text=\u00a0\u00bbEn savoir plus\u00a0\u00bb _builder_version=\u00a0\u00bb4.27.4&Prime; _module_preset=\u00a0\u00bb7c9d27d5-ebb8-429b-b72d-7f208211ea08&Prime; button_text_color=\u00a0\u00bb#000000&Prime; global_colors_info=\u00a0\u00bb{}\u00a0\u00bb][\/et_pb_button][\/et_pb_column][\/et_pb_row][\/et_pb_section]<\/p>\n","protected":false},"excerpt":{"rendered":"<p>On d\u00e9finit une direction claire et coh\u00e9rente pour guider chaque prise de parole. Objectif : donner du sens et assurer une communcation align\u00e9e.On cr\u00e9e des identit\u00e9s fortes, reconnaissables et durables. Des univers visuels qui refl\u00e8tent l&rsquo;ADN de la marque et la font \u00e9clore.On imagine des campagnes impactantes qui attirent l&rsquo;attention. Des id\u00e9es cr\u00e9atives pens\u00e9es pour [&hellip;]<\/p>\n","protected":false},"author":4,"featured_media":0,"parent":0,"menu_order":0,"comment_status":"closed","ping_status":"closed","template":"","meta":{"_et_pb_use_builder":"on","_et_pb_old_content":"","_et_gb_content_width":"","footnotes":""},"class_list":["post-260","page","type-page","status-publish","hentry"],"_links":{"self":[{"href":"https:\/\/cms2511.commu.isfsc.be\/index.php\/wp-json\/wp\/v2\/pages\/260","targetHints":{"allow":["GET"]}}],"collection":[{"href":"https:\/\/cms2511.commu.isfsc.be\/index.php\/wp-json\/wp\/v2\/pages"}],"about":[{"href":"https:\/\/cms2511.commu.isfsc.be\/index.php\/wp-json\/wp\/v2\/types\/page"}],"author":[{"embeddable":true,"href":"https:\/\/cms2511.commu.isfsc.be\/index.php\/wp-json\/wp\/v2\/users\/4"}],"replies":[{"embeddable":true,"href":"https:\/\/cms2511.commu.isfsc.be\/index.php\/wp-json\/wp\/v2\/comments?post=260"}],"version-history":[{"count":8,"href":"https:\/\/cms2511.commu.isfsc.be\/index.php\/wp-json\/wp\/v2\/pages\/260\/revisions"}],"predecessor-version":[{"id":358,"href":"https:\/\/cms2511.commu.isfsc.be\/index.php\/wp-json\/wp\/v2\/pages\/260\/revisions\/358"}],"wp:attachment":[{"href":"https:\/\/cms2511.commu.isfsc.be\/index.php\/wp-json\/wp\/v2\/media?parent=260"}],"curies":[{"name":"wp","href":"https:\/\/api.w.org\/{rel}","templated":true}]}}